{"id":8553,"date":"2016-04-04T22:14:06","date_gmt":"2016-04-04T20:14:06","guid":{"rendered":"http:\/\/kwiatek.edu.pl\/?page_id=8553"},"modified":"2022-03-28T11:18:37","modified_gmt":"2022-03-28T09:18:37","slug":"regulamin-naboru-do-technikum-nr-2-w-zespole-szkol-nr-2-im-eugeniusza-kwiatkowskiego-20162017","status":"publish","type":"page","link":"https:\/\/kwiatek.edu.pl\/?page_id=8553","title":{"rendered":"Regulamin naboru do Technikum nr 2 w Zespole Szk\u00f3\u0142 nr 2 im. Eugeniusza Kwiatkowskiego 2022\/2023"},"content":{"rendered":"<p style=\"text-align: center;\"><strong>Nasza szko\u0142a to szko\u0142a wielu mo\u017cliwo\u015bci<\/strong><\/p>\n<p style=\"text-align: center;\"><strong>W roku szk. 2022\/2023 b\u0119dziemy prowadzi\u0107\u00a0 nab\u00f3r do\u00a0nast\u0119puj\u0105cych klas:<\/strong><\/p>\n<p style=\"text-align: center;\"><strong>TECHNIKUM NR 2<\/strong><\/p>\n<p style=\"text-align: center;\">pod patronatem<strong>\u00a0Firmy Oponiarskiej D\u0119bica S.A.<\/strong><\/p>\n<p style=\"text-align: justify;\"><strong>Technikum jest\u00a0\u00a0szko\u0142\u0105 dla pragn\u0105cych zdoby\u0107 atrakcyjny zaw\u00f3d i jednocze\u015bnie daj\u0105c\u0105 pe\u0142ne przygotowanie og\u00f3lnokszta\u0142c\u0105ce, umo\u017cliwiaj\u0105ce podj\u0119cie nauki na studiach wy\u017cszych dowolnego typu. Kszta\u0142c\u0105c si\u0119 w technikum po czterech latach nauki b\u0119dziesz m\u00f3g\u0142 przyst\u0105pi\u0107 do egzaminu maturalnego oraz egzaminu zawodowego, \u00a0uzyskuj\u0105c tytu\u0142:<\/strong><\/p>\n<ul style=\"text-align: justify;\">\n<li><strong>technik informatyk<br \/>\n<\/strong><\/li>\n<li><strong>technik elektronik<\/strong><\/li>\n<li><strong>technik elektryk<\/strong><\/li>\n<li><strong>technik teleinformatyk<\/strong><\/li>\n<li><strong>technik automatyk<\/strong><\/li>\n<\/ul>\n<p>&nbsp;<\/p>\n<p style=\"text-align: justify;\"><strong>1)\u00a0\u00a0\u00a0\u00a0\u00a0\u00a0technik elektronik<br \/>\n<\/strong><\/p>\n<p style=\"text-align: justify;\"><strong><em>przedmioty<\/em><\/strong><strong>\u00a0<em>rozszerzone:<\/em>\u00a0<\/strong>matematyka<\/p>\n<p style=\"text-align: justify;\">Ponadto uczniowie tej klasy maj\u0105 mo\u017cliwo\u015b\u0107 uzyskania\u00a0<strong>uprawnie\u0144 elektroenergetycznych SEP<\/strong>\u00a0w zakresie eksploatacji urz\u0105dze\u0144, instalacji i sieci elektroenergetycznych do 1 kV. Uprawnienia te s\u0105 niezb\u0119dne do podj\u0119cia pracy w zawodzie technik elektronik.\u00a0 Uczniowie zapoznaj\u0105 si\u0119\u00a0\u00a0 ze \u015brodkami ochrony przeciwpora\u017ceniowej oraz zasadami bezpiecznej pracy z urz\u0105dzeniami elektrycznymi i elektronicznymi \u00a0o napi\u0119ciu do 1000 V.<\/p>\n<p>&nbsp;<\/p>\n<p style=\"text-align: justify;\"><strong>2)\u00a0\u00a0\u00a0\u00a0\u00a0\u00a0technik elektryk<br \/>\n<\/strong><\/p>\n<p style=\"text-align: justify;\"><strong><em>przedmioty<\/em><\/strong><strong>\u00a0<em>rozszerzone:<\/em>\u00a0<\/strong>matematyka<\/p>\n<p style=\"text-align: justify;\">Ponadto uczniowie tej klasy maj\u0105 mo\u017cliwo\u015b\u0107 uzyskania\u00a0<strong>uprawnie\u0144 elektroenergetycznych SEP<\/strong>\u00a0w zakresie eksploatacji urz\u0105dze\u0144, instalacji i sieci elektroenergetycznych do 1 kV. Uprawnienia te s\u0105 niezb\u0119dne do podj\u0119cia pracy w zawodzie technik elektryk. \u00a0Uczniowie zapoznaj\u0105 si\u0119 \u00a0\u00a0ze \u015brodkami ochrony przeciwpora\u017ceniowej oraz zasadami bezpiecznej pracy z urz\u0105dzeniami elektrycznymi o napi\u0119ciu do 1000 V.<\/p>\n<p>&nbsp;<\/p>\n<p style=\"text-align: justify;\"><strong>3)\u00a0\u00a0\u00a0\u00a0\u00a0\u00a0technik informatyk<br \/>\n<\/strong><\/p>\n<p style=\"text-align: justify;\"><strong><em>przedmioty<\/em><\/strong><strong>\u00a0<em>rozszerzone:<\/em>\u00a0<\/strong>matematyka<\/p>\n<p style=\"text-align: justify;\">Klasa politechniczna pod patronatem\u00a0<strong>Politechniki Rzeszowskiej.<\/strong><\/p>\n<p style=\"text-align: justify;\">Uczniowie tej klasy maj\u0105 mo\u017cliwo\u015b\u0107 zdobycia\u00a0<strong>honorowanych na ca\u0142ym \u015bwiecie<\/strong>\u00a0<strong>Certyfikat\u00f3w CISCO<\/strong>,\u00a0 potwierdzaj\u0105cych wysoki poziom wiedzy z sieci komputerowych oraz z urz\u0105dze\u0144 sieciowych. Daj\u0105 uprawnienia do ich obs\u0142ugi oraz zarz\u0105dzania nimi. Jest niezb\u0119dny w pracy w zawodach zwi\u0105zanych z sieciami komputerowymi.<\/p>\n<p>&nbsp;<\/p>\n<p style=\"text-align: justify;\"><strong>4) technik teleinformatyk<br \/>\n<\/strong><\/p>\n<p style=\"text-align: justify;\"><strong><em>przedmioty<\/em><\/strong><strong>\u00a0<em>rozszerzone:<\/em>\u00a0<\/strong>matematyka<\/p>\n<p style=\"text-align: justify;\">Klasa politechniczna pod patronatem\u00a0<strong>Politechniki Rzeszowskiej.<\/strong><\/p>\n<p>&nbsp;<\/p>\n<p><strong><span style=\"color: #ff0000;\">5) technik automatyk\u00a0\u00a0NOWO\u015a\u0106<\/span><br \/>\n<\/strong><\/p>\n<p><strong><em>przedmioty<\/em><\/strong><strong>\u00a0<em>rozszerzone:<\/em>\u00a0<\/strong>matematyka<\/p>\n<p><span style=\"color: #ff0000;\">Klasa obj\u0119ta patronatem firmy HUTCHINSON POLAND SP. Z O.O.<\/span><\/p>\n<p style=\"text-align: justify;\">Technik automatyk to nowoczesny i atrakcyjny zaw\u00f3d. Automatyka zajmuje si\u0119 zagadnieniami sterowania procesami przemys\u0142owymi ograniczaj\u0105c w nich udzia\u0142 cz\u0142owieka. Stosowana jest wsz\u0119dzie tam gdzie procesy s\u0105 uci\u0105\u017cliwe, wymagaj\u0105 ogromnego wysi\u0142ku lub du\u017cej precyzji i dok\u0142adno\u015bci. Dzi\u015b trudno sobie wyobrazi\u0107 zak\u0142ady produkcyjne bez maszyn i robot\u00f3w. To w\u0142a\u015bnie automatycy zajmuj\u0105 si\u0119 projektowaniem, monta\u017cem i uruchamianiem linii produkcyjnych, dbaj\u0105 r\u00f3wnie\u017c o to, aby dzia\u0142a\u0142y one prawid\u0142owo.<\/p>\n<p style=\"text-align: justify;\">Absolwent tego kierunku mo\u017ce pracowa\u0107 w r\u00f3\u017cnych ga\u0142\u0119ziach przemys\u0142u: motoryzacyjnym, elektromaszynowym, lotniczym, w\u0142\u00f3kienniczym, spo\u017cywczym, w zak\u0142adach o zautomatyzowanym i zrobotyzowanym cyklu produkcyjnym, w zak\u0142adach prowadz\u0105cych us\u0142ugi w zakresie projektowania, serwisu, napraw urz\u0105dze\u0144 i instalacji automatyki. Znajduje r\u00f3wnie\u017c zatrudnienie w plac\u00f3wkach serwisuj\u0105cych uk\u0142ady instalacji automatyki, maszyny i urz\u0105dzenia, w stacjach serwisowych i diagnostycznych.<\/p>\n<p style=\"text-align: justify;\">W ramach zawodu wyodr\u0119bniono nast\u0119puj\u0105ce kwalifikacje:<\/p>\n<p style=\"text-align: justify;\">ELM.01. Monta\u017c, uruchamianie i obs\u0142ugiwanie uk\u0142ad\u00f3w automatyki przemys\u0142owej<\/p>\n<p style=\"text-align: justify;\">ELM.04. Eksploatacja uk\u0142ad\u00f3w automatyki przemys\u0142owej<\/p>\n<p>&nbsp;<\/p>\n<p>W klasach technikum dodatkowym przedmiotem branym pod uwag\u0119 w rekrutacji\u00a0 do klas pierwszych jest fizyka.<\/p>\n<p>&nbsp;<\/p>\n<p style=\"text-align: justify;\"><strong>Wszystkim uczniom oferujemy dodatkowo: zaj\u0119cia przygotowuj\u0105ce do matury, konkurs\u00f3w i olimpiad, ko\u0142a zainteresowa\u0144 (m.in. przedsi\u0119biorczo\u015bci, plastyczne, muzyczno-wokalne, fizyczne, zaj\u0119cia w ramach ko\u0142a Technozone), mo\u017cliwo\u015b\u0107 uczestnictwa w dzia\u0142alno\u015bci wolontariatu, w programach stypendialnych, pomoc w wyr\u00f3wnywaniu szans edukacyjnych<\/strong><\/p>\n<p style=\"text-align: justify;\"><strong>\u00a0<\/strong><\/p>\n<p style=\"text-align: justify;\"><strong>Kryteria przyj\u0119\u0107 do klas pierwszych<\/strong>\u00a0<strong>w ZS nr 2 im. E. Kwiatkowskiego w D\u0119bicy<\/strong><\/p>\n<p style=\"text-align: justify;\">Rekrutacja uczni\u00f3w do szk\u00f3\u0142 ponadpodstawowych dla m\u0142odzie\u017cy: liceum og\u00f3lnokszta\u0142c\u0105cego i technikum odbywa si\u0119 na podstawie kryteri\u00f3w zawartych w statucie szko\u0142y, uwzgl\u0119dniaj\u0105cych warunki okre\u015blone\u00a0 w Rozporz\u0105dzeniu Ministra Edukacji Narodowej z 21 sierpnia 2019 r. w sprawie przeprowadzania post\u0119powania rekrutacyjnego oraz post\u0119powania uzupe\u0142niaj\u0105cego do publicznych przedszkoli, szk\u00f3\u0142, plac\u00f3wek i centr\u00f3w (Dz.U. z 2019 r. poz. 1737)..<\/p>\n<p style=\"text-align: justify;\">O przyj\u0119ciu do danej klasy decydowa\u0107 b\u0119dzie ilo\u015b\u0107 uzyskanych punkt\u00f3w w post\u0119powaniu \u00a0rekrutacyjno-kwalifikacyjnym. Na maksymaln\u0105 sum\u0119\u00a0<strong>200 pkt.<\/strong>mo\u017cliwych do uzyskania sk\u0142ada si\u0119:<\/p>\n<ol style=\"text-align: justify;\">\n<li><strong>100 pkt. <\/strong>za egzamin po szkole podstawowej (na podstawie za\u015bwiadczenia OKE o wynikach egzaminu po szkole podstawowej). Wyniki procentowe, uzyskane z egzaminu nale\u017cy przeliczy\u0107 na punkty przyjmuj\u0105c wsp\u00f3\u0142czynnik <strong>0,35<\/strong> z egzaminu z j. polskiego i matematyki i <strong>0,3<\/strong> z j\u0119zyka obcego<strong>. <\/strong><\/li>\n<li><strong>72 pkt. <\/strong>za oceny z <strong>j\u0119zyka polskiego<\/strong>. <strong>matematyk<\/strong>i, <strong>j\u0119zyka angielskiego albo niemieckiego<\/strong> i czwartego wskazanego przedmiotu. Czwartym przedmiotem jest:<\/li>\n<\/ol>\n<ul style=\"text-align: justify;\">\n<li style=\"list-style-type: none;\">\n<ul style=\"text-align: justify;\">\n<li>w klasie politechnicznej i klasach technikum \u2013 <strong>fizyka<\/strong><\/li>\n<li>w klasie geograficzno-j\u0119zykowej \u2013 <strong>geografia<\/strong><\/li>\n<li>w klasie humanistycznej \u2013 <strong>historia<\/strong><\/li>\n<li>w klasie\u00a0 biologiczno\u2013 chemicznej -wy\u017csza ocena spo\u015br\u00f3d <strong>biologia <\/strong>lub <strong>chemia<\/strong><\/li>\n<\/ul>\n<\/li>\n<\/ul>\n<p>Oceny przeliczane s\u0105 na punkty w spos\u00f3b nast\u0119puj\u0105cy:<\/p>\n<ul style=\"text-align: justify;\">\n<li>celuj\u0105cy \u2013 18 punkt\u00f3w<\/li>\n<li>bardzo dobry \u2013 17 punkt\u00f3w<\/li>\n<li>dobry &#8211; 14 punkt\u00f3w<\/li>\n<li>dostateczny \u2013 8 punkt\u00f3w<\/li>\n<\/ul>\n<ul style=\"text-align: justify;\">\n<li>dopuszczaj\u0105cy \u2013 2 punkty<\/li>\n<\/ul>\n<ol style=\"text-align: justify;\" start=\"3\">\n<li>Za inne osi\u0105gni\u0119cia\u00a0<strong>odnotowane na \u015bwiadectwie uko\u0144czenia szko\u0142y podstawowej\u00a0<\/strong>kandydat mo\u017ce uzyska\u0107 \u0142\u0105cznie,\u00a0<strong>co najwy\u017cej 28 pkt.\u00a0 <\/strong>W tym za<strong>:<\/strong>\n<ol>\n<li>uko\u0144czenie gimnazjum z wyr\u00f3\u017cnieniem<strong>-7 pkt,<\/strong><\/li>\n<li>uzyskanie\u00a0<strong>tytu\u0142u laureata lub finalisty \u00a0<\/strong>w zawodach wiedzy<strong>,\u00a0<\/strong>konkursach organizowanych przez kuratora o\u015bwiaty o zasi\u0119gu wojew\u00f3dzkim i ponadwojew\u00f3dzkim, zawodach artystycznych i sportowych wymienionych na \u015bwiadectwie uko\u0144czenia szko\u0142y podstawowej \u0142\u0105cznie\u00a0<strong>18 punkt\u00f3w<\/strong><\/li>\n<li>sta\u0142a aktywno\u015b\u0107 na rzecz innych ludzi lub \u015brodowiska szkolnego\u00a0<strong>\u2013 3 pkt..<\/strong><\/li>\n<\/ol>\n<\/li>\n<\/ol>\n<p style=\"text-align: justify;\">Podkarpacki Kurator O\u015bwiaty organizuje dla uczni\u00f3w szk\u00f3\u0142 podstawowych konkursy przedmiotowe okre\u015blone w Zarz\u0105dzeniu Podkarpackiego Kuratora O\u015bwiaty w sprawie wykazu zawod\u00f3w wiedzy, artystycznych i sportowych organizowanych w roku szkolnym 2020\/2021, kt\u00f3re mog\u0105 by\u0107 wymienione na \u015bwiadectwie uko\u0144czenia szko\u0142y podstawowej<\/p>\n<p style=\"text-align: center;\"><strong>O\u00a0 CZYM MUSISZ\u00a0 PAMI\u0118TA\u0106 ?<\/strong><\/p>\n<ol>\n<li><strong>od 16.05.2022 r. do 24.06.2022 r. do 15.00<\/strong> \u2013 cz\u0119\u015b\u0107 elektroniczna naboru, z\u0142o\u017cenie wniosku o przyj\u0119cie do szko\u0142y\u00a0 ponadpodstawowej wraz z dokumentami potwierdzaj\u0105cymi spe\u0142nianie przez kandydata warunk\u00f3w lub kryteri\u00f3w branych pod uwag\u0119 w\u00a0post\u0119powaniu rekrutacyjnym<\/li>\n<li><strong>do 14.07.2022 r. &#8211; <\/strong>weryfikacja przez komisj\u0119 rekrutacyjn\u0105 wniosk\u00f3w o\u00a0przyj\u0119cie do szko\u0142y i\u00a0dokument\u00f3w potwierdzaj\u0105cych spe\u0142nianie przez kandydata warunk\u00f3w lub kryteri\u00f3w branych pod uwag\u0119 w\u00a0post\u0119powaniu rekrutacyjnym, w tym dokonanie przez przewodnicz\u0105cego komisji rekrutacyjnej czynno\u015bci, o\u00a0kt\u00f3rych mowa w art. 20t ust. 7 ustawy<\/li>\n<li><a href=\"#_ftn1\" name=\"_ftnref1\"><\/a><strong>od 24.06.2022 r. do 14.07.2022 r. do godz. 15<sup>00<\/sup><\/strong> &#8211; uzupe\u0142nienie wniosku o przyj\u0119cie do szko\u0142y o \u015bwiadectwo uko\u0144czenia szko\u0142y oraz za\u015bwiadczenie o wynikach egzaminu zewn\u0119trznego (uczniowie spoza systemu elektronicznego)<\/li>\n<li><strong>22.07.2022 r.\u00a0<\/strong>\u2013 podanie do publicznej wiadomo\u015bci przez komisj\u0119 rekrutacyjn\u0105 listy kandydat\u00f3w zakwalifikowanych i\u00a0kandydat\u00f3w niezakwalifikowanych<\/li>\n<li><strong>od 22.07.2022 r. do 28.07.2022 r. do 15.<sup>00\u00a0<\/sup><\/strong>\u2013 potwierdzenie przez rodzica kandydata albo kandydata pe\u0142noletniego woli przyj\u0119cia w postaci przed\u0142o\u017cenia orygina\u0142u \u015bwiadectwa uko\u0144czenia szko\u0142y i orygina\u0142u za\u015bwiadczenia o\u00a0wynikach egzaminu , o ile nie zosta\u0142y one z\u0142o\u017cone w uzupe\u0142nieniu wniosku o przyj\u0119cie do szko\u0142y, a\u00a0w\u00a0przypadku szko\u0142y prowadz\u0105cej kszta\u0142cenie zawodowe \u2212 tak\u017ce za\u015bwiadczenia lekarskiego zawieraj\u0105cego orzeczenie o braku przeciwwskaza\u0144 zdrowotnych do podj\u0119cia praktycznej nauki zawodu<\/li>\n<li><strong>29.07.2022 r. do 14.<sup>00<\/sup> <\/strong>\u2013 podanie do publicznej wiadomo\u015bci przez komisj\u0119 rekrutacyjn\u0105 listy kandydat\u00f3w przyj\u0119tych i kandydat\u00f3w nieprzyj\u0119tych<\/li>\n<\/ol>\n<ul>\n<li>Je\u017celi po przeprowadzeniu post\u0119powania rekrutacyjnego publiczna szko\u0142a\u00a0 nadal dysponuje wolnymi miejscami, dyrektor szko\u0142y przeprowadza post\u0119powanie uzupe\u0142niaj\u0105ce<\/li>\n<li>Post\u0119powanie uzupe\u0142niaj\u0105ce powinno zako\u0144czy\u0107 si\u0119 do 24 sierpnia 2022 r.<\/li>\n<\/ul>\n<p style=\"text-align: justify;\"><strong>Po potwierdzeniu woli podj\u0119cia nauki nale\u017cy dostarczy\u0107:<\/strong><\/p>\n<ol style=\"text-align: justify;\">\n<li>dwie aktualne fotografie podpisane na odwrocie,<\/li>\n<li>kart\u0119 zdrowia,<\/li>\n<li>kandydaci do Technikum dodatkowo za\u0142\u0105czaj\u0105 za\u015bwiadczenie lekarskie stwierdzaj\u0105ce brak przeciwwskaza\u0144 zdrowotnych do kszta\u0142cenia w wybranym zawodzie (skierowanie na badanie wydaje sekretariat).<\/li>\n<\/ol>\n<p style=\"text-align: justify;\"><strong>W tym roku szkolnym jedyny dopuszczalny wz\u00f3r podania do szko\u0142y jest tworzony przez Internetowy System Rekrutacji.<br \/>\nInne podania nie b\u0119d\u0105 respektowane.<\/strong><\/p>\n<p style=\"text-align: justify;\"><strong>Link do naboru elektronicznego:<\/strong><\/p>\n<p style=\"text-align: justify;\"><a href=\"http:\/\/powiatdebicki.pl\/index.php?option=com_content&amp;task=view&amp;id=161&amp;Itemid=1\"><strong>http:\/\/powiatdebicki.pl\/index.php?option=com_content&amp;task=view&amp;id=161&amp;Itemid=1<\/strong><\/a><\/p>\n","protected":false},"excerpt":{"rendered":"<p>Nasza szko\u0142a to szko\u0142a wielu mo\u017cliwo\u015bci W roku szk. 2022\/2023 b\u0119dziemy prowadzi\u0107\u00a0 nab\u00f3r do\u00a0nast\u0119puj\u0105cych klas: TECHNIKUM NR 2 pod patronatem\u00a0Firmy Oponiarskiej D\u0119bica S.A. Technikum jest\u00a0\u00a0szko\u0142\u0105 dla pragn\u0105cych zdoby\u0107 atrakcyjny zaw\u00f3d i jednocze\u015bnie daj\u0105c\u0105 pe\u0142ne przygotowanie og\u00f3lnokszta\u0142c\u0105ce, umo\u017cliwiaj\u0105ce podj\u0119cie nauki na studiach wy\u017cszych dowolnego typu. Kszta\u0142c\u0105c si\u0119 w technikum po czterech latach nauki b\u0119dziesz m\u00f3g\u0142 przyst\u0105pi\u0107 [&hellip;]<\/p>\n","protected":false},"author":1,"featured_media":0,"parent":0,"menu_order":0,"comment_status":"closed","ping_status":"closed","template":"","meta":{"ngg_post_thumbnail":0,"footnotes":""},"class_list":["post-8553","page","type-page","status-publish","hentry"],"_links":{"self":[{"href":"https:\/\/kwiatek.edu.pl\/index.php?rest_route=\/wp\/v2\/pages\/8553","targetHints":{"allow":["GET"]}}],"collection":[{"href":"https:\/\/kwiatek.edu.pl\/index.php?rest_route=\/wp\/v2\/pages"}],"about":[{"href":"https:\/\/kwiatek.edu.pl\/index.php?rest_route=\/wp\/v2\/types\/page"}],"author":[{"embeddable":true,"href":"https:\/\/kwiatek.edu.pl\/index.php?rest_route=\/wp\/v2\/users\/1"}],"replies":[{"embeddable":true,"href":"https:\/\/kwiatek.edu.pl\/index.php?rest_route=%2Fwp%2Fv2%2Fcomments&post=8553"}],"version-history":[{"count":30,"href":"https:\/\/kwiatek.edu.pl\/index.php?rest_route=\/wp\/v2\/pages\/8553\/revisions"}],"predecessor-version":[{"id":14723,"href":"https:\/\/kwiatek.edu.pl\/index.php?rest_route=\/wp\/v2\/pages\/8553\/revisions\/14723"}],"wp:attachment":[{"href":"https:\/\/kwiatek.edu.pl\/index.php?rest_route=%2Fwp%2Fv2%2Fmedia&parent=8553"}],"curies":[{"name":"wp","href":"https:\/\/api.w.org\/{rel}","templated":true}]}}